{"id":3,"date":"2021-11-12T13:37:47","date_gmt":"2021-11-12T13:37:47","guid":{"rendered":"http:\/\/localhost:8080\/thuy-san\/?page_id=3"},"modified":"2021-12-25T13:46:52","modified_gmt":"2021-12-25T13:46:52","slug":"chinh-sach-bao-mat","status":"publish","type":"page","link":"https:\/\/www.greenfeed.com.vn\/thuy-san\/chinh-sach-bao-mat\/","title":{"rendered":"Ch\u00ednh s\u00e1ch b\u1ea3o m\u1eadt"},"content":{"rendered":"<div class=\"post-content\"><p><em>Th\u00f4ng tin \u0111ang \u0111\u01b0\u1ee3c c\u1eadp nh\u1eadt<\/em><\/p>\n<\/div>","protected":false},"excerpt":{"rendered":"<p>Th\u00f4ng tin \u0111ang \u0111\u01b0\u1ee3c c\u1eadp nh\u1eadt<\/p>\n","protected":false},"author":1,"featured_media":0,"parent":0,"menu_order":0,"comment_status":"closed","ping_status":"closed","template":"","meta":{"footnotes":""},"class_list":["post-3","page","type-page","status-publish","hentry"],"acf":[],"_links":{"self":[{"href":"https:\/\/www.greenfeed.com.vn\/thuy-san\/wp-json\/wp\/v2\/pages\/3","targetHints":{"allow":["GET"]}}],"collection":[{"href":"https:\/\/www.greenfeed.com.vn\/thuy-san\/wp-json\/wp\/v2\/pages"}],"about":[{"href":"https:\/\/www.greenfeed.com.vn\/thuy-san\/wp-json\/wp\/v2\/types\/page"}],"author":[{"embeddable":true,"href":"https:\/\/www.greenfeed.com.vn\/thuy-san\/wp-json\/wp\/v2\/users\/1"}],"replies":[{"embeddable":true,"href":"https:\/\/www.greenfeed.com.vn\/thuy-san\/wp-json\/wp\/v2\/comments?post=3"}],"version-history":[{"count":2,"href":"https:\/\/www.greenfeed.com.vn\/thuy-san\/wp-json\/wp\/v2\/pages\/3\/revisions"}],"predecessor-version":[{"id":1338,"href":"https:\/\/www.greenfeed.com.vn\/thuy-san\/wp-json\/wp\/v2\/pages\/3\/revisions\/1338"}],"wp:attachment":[{"href":"https:\/\/www.greenfeed.com.vn\/thuy-san\/wp-json\/wp\/v2\/media?parent=3"}],"curies":[{"name":"wp","href":"https:\/\/api.w.org\/{rel}","templated":true}]}}