{"id":5797,"date":"2026-02-06T10:22:45","date_gmt":"2026-02-06T03:22:45","guid":{"rendered":"https:\/\/www.greenfeed.com.vn\/staging\/thuc-an-chan-nuoi-gia-suc-gia-cam\/?page_id=5797"},"modified":"2026-02-06T10:22:45","modified_gmt":"2026-02-06T03:22:45","slug":"chinh-sach-cookie","status":"publish","type":"page","link":"https:\/\/www.greenfeed.com.vn\/thuc-an-chan-nuoi-gia-suc-gia-cam\/chinh-sach-cookie\/","title":{"rendered":"Ch\u00ednh s\u00e1ch cookie"},"content":{"rendered":"<h2 data-start=\"7764\" data-end=\"7774\">Cookie<\/h2>\n<p data-start=\"7776\" data-end=\"8482\"><em>Cookie l\u00e0 m\u1ed9t l\u01b0\u1ee3ng th\u00f4ng tin nh\u1ecf \u0111\u01b0\u1ee3c t\u1ea3i xu\u1ed1ng m\u00e1y t\u00ednh ho\u1eb7c thi\u1ebft b\u1ecb c\u1ee7a b\u1ea1n khi b\u1ea1n truy c\u1eadp Trang web c\u1ee7a ch\u00fang t\u00f4i. Ch\u00fang t\u00f4i s\u1eed d\u1ee5ng nhi\u1ec1u lo\u1ea1i cookie kh\u00e1c nhau, bao g\u1ed3m cookie ch\u1ee9c n\u0103ng, hi\u1ec7u su\u1ea5t, qu\u1ea3ng c\u00e1o v\u00e0 cookie c\u1ee7a m\u1ea1ng x\u00e3 h\u1ed9i ho\u1eb7c n\u1ed9i dung. Cookies gi\u00fap c\u1ea3i thi\u1ec7n tr\u1ea3i nghi\u1ec7m duy\u1ec7t web c\u1ee7a b\u1ea1n b\u1eb1ng c\u00e1ch cho ph\u00e9p website ghi nh\u1edb h\u00e0nh \u0111\u1ed9ng v\u00e0 s\u1edf th\u00edch c\u1ee7a b\u1ea1n (ch\u1eb3ng h\u1ea1n nh\u01b0 \u0111\u0103ng nh\u1eadp v\u00e0 l\u1ef1a ch\u1ecdn khu v\u1ef1c). \u0110i\u1ec1u n\u00e0y c\u00f3 ngh\u0129a l\u00e0 b\u1ea1n kh\u00f4ng c\u1ea7n ph\u1ea3i nh\u1eadp l\u1ea1i th\u00f4ng tin n\u00e0y m\u1ed7i l\u1ea7n quay l\u1ea1i trang web ho\u1eb7c duy\u1ec7t qua c\u00e1c trang kh\u00e1c nhau. Cookies c\u0169ng cung c\u1ea5p th\u00f4ng tin v\u1ec1 c\u00e1ch m\u1ecdi ng\u01b0\u1eddi s\u1eed d\u1ee5ng trang web, v\u00ed d\u1ee5 nh\u01b0 li\u1ec7u \u0111\u00e2y l\u00e0 l\u1ea7n \u0111\u1ea7u ti\u00ean h\u1ecd truy c\u1eadp hay n\u1ebfu h\u1ecd l\u00e0 ng\u01b0\u1eddi truy c\u1eadp th\u01b0\u1eddng xuy\u00ean.<\/em><\/p>\n<p data-start=\"8484\" data-end=\"8591\"><em>Ch\u00fang t\u00f4i s\u1eed d\u1ee5ng c\u00e1c cookie d\u01b0\u1edbi \u0111\u00e2y \u0111\u1ec3 t\u1ed1i \u01b0u h\u00f3a tr\u1ea3i nghi\u1ec7m c\u1ee7a b\u1ea1n tr\u00ean Trang web v\u00e0 cung c\u1ea5p d\u1ecbch v\u1ee5.<\/em><\/p>\n<h3 data-start=\"8593\" data-end=\"8641\">Cookies c\u1ea7n thi\u1ebft:<\/h3>\n<ul>\n<li data-start=\"8643\" data-end=\"8740\">Name<\/li>\n<li data-start=\"8643\" data-end=\"8740\">Google analytics<\/li>\n<li data-start=\"8643\" data-end=\"8740\">_gid<\/li>\n<li data-start=\"8643\" data-end=\"8740\">lang<\/li>\n<li data-start=\"8643\" data-end=\"8740\">bcookie<\/li>\n<li data-start=\"8643\" data-end=\"8740\">lidc<\/li>\n<li data-start=\"8643\" data-end=\"8740\">UserMatchHistory<\/li>\n<li data-start=\"8643\" data-end=\"8740\">AnalyticsSyncHistory<\/li>\n<\/ul>\n<p data-start=\"0\" data-end=\"443\">Th\u1eddi gian m\u00e0 m\u1ed9t cookie t\u1ed3n t\u1ea1i tr\u00ean m\u00e1y t\u00ednh ho\u1eb7c thi\u1ebft b\u1ecb di \u0111\u1ed9ng c\u1ee7a b\u1ea1n ph\u1ee5 thu\u1ed9c v\u00e0o vi\u1ec7c \u0111\u00f3 l\u00e0 cookie \u201cd\u00e0i h\u1ea1n\u201d hay \u201cphi\u00ean l\u00e0m vi\u1ec7c\u201d. Cookies phi\u00ean l\u00e0m vi\u1ec7c s\u1ebd t\u1ed3n t\u1ea1i cho \u0111\u1ebfn khi b\u1ea1n d\u1eebng duy\u1ec7t web, trong khi cookies d\u00e0i h\u1ea1n s\u1ebd t\u1ed3n t\u1ea1i cho \u0111\u1ebfn khi h\u1ebft h\u1ea1n ho\u1eb7c b\u1ecb x\u00f3a. Ph\u1ea7n l\u1edbn c\u00e1c cookies ch\u00fang t\u00f4i s\u1eed d\u1ee5ng l\u00e0 cookies d\u00e0i h\u1ea1n v\u00e0 s\u1ebd h\u1ebft h\u1ea1n trong kho\u1ea3ng th\u1eddi gian t\u1eeb 30 ph\u00fat \u0111\u1ebfn hai n\u0103m k\u1ec3 t\u1eeb ng\u00e0y ch\u00fang \u0111\u01b0\u1ee3c t\u1ea3i xu\u1ed1ng thi\u1ebft b\u1ecb c\u1ee7a b\u1ea1n.<\/p>\n<p data-start=\"445\" data-end=\"675\">B\u1ea1n c\u00f3 th\u1ec3 ki\u1ec3m so\u00e1t v\u00e0 qu\u1ea3n l\u00fd cookies theo nhi\u1ec1u c\u00e1ch kh\u00e1c nhau. Xin l\u01b0u \u00fd r\u1eb1ng vi\u1ec7c x\u00f3a ho\u1eb7c ch\u1eb7n cookies c\u00f3 th\u1ec3 \u1ea3nh h\u01b0\u1edfng ti\u00eau c\u1ef1c \u0111\u1ebfn tr\u1ea3i nghi\u1ec7m ng\u01b0\u1eddi d\u00f9ng c\u1ee7a b\u1ea1n v\u00e0 m\u1ed9t s\u1ed1 ph\u1ea7n c\u1ee7a website c\u00f3 th\u1ec3 kh\u00f4ng c\u00f2n truy c\u1eadp \u0111\u1ea7y \u0111\u1ee7.<\/p>\n<p data-start=\"677\" data-end=\"894\">H\u1ea7u h\u1ebft c\u00e1c tr\u00ecnh duy\u1ec7t s\u1ebd t\u1ef1 \u0111\u1ed9ng ch\u1ea5p nh\u1eadn cookies, nh\u01b0ng b\u1ea1n c\u00f3 th\u1ec3 ch\u1ecdn ch\u1ea5p nh\u1eadn ho\u1eb7c kh\u00f4ng ch\u1ea5p nh\u1eadn cookies th\u00f4ng qua c\u00e1c c\u00e0i \u0111\u1eb7t c\u1ee7a tr\u00ecnh duy\u1ec7t, th\u01b0\u1eddng c\u00f3 trong menu \u201cC\u00f4ng c\u1ee5\u201d ho\u1eb7c \u201cT\u00f9y ch\u1ecdn\u201d c\u1ee7a tr\u00ecnh duy\u1ec7t.<\/p>\n<p data-start=\"896\" data-end=\"1218\" data-is-last-node=\"\" data-is-only-node=\"\">Ngo\u00e0i ra, xin l\u01b0u \u00fd r\u1eb1ng vi\u1ec7c ch\u1eb7n cookies c\u00f3 th\u1ec3 kh\u00f4ng ho\u00e0n to\u00e0n ng\u1eebng vi\u1ec7c ch\u00fang t\u00f4i chia s\u1ebb th\u00f4ng tin v\u1edbi c\u00e1c b\u00ean th\u1ee9 ba nh\u01b0 \u0111\u1ed1i t\u00e1c qu\u1ea3ng c\u00e1o c\u1ee7a ch\u00fang t\u00f4i. \u0110\u1ec3 th\u1ef1c hi\u1ec7n quy\u1ec1n c\u1ee7a b\u1ea1n ho\u1eb7c t\u1eeb ch\u1ed1i m\u1ed9t s\u1ed1 c\u00e1ch s\u1eed d\u1ee5ng th\u00f4ng tin c\u1ee7a b\u1ea1n b\u1edfi c\u00e1c b\u00ean n\u00e0y, vui l\u00f2ng l\u00e0m theo h\u01b0\u1edbng d\u1eabn trong ph\u1ea7n \u201cQu\u1ea3ng c\u00e1o h\u00e0nh vi\u201d \u1edf tr\u00ean.<\/p>\n<h2 data-start=\"9191\" data-end=\"9202\">Li\u00ean h\u1ec7<\/h2>\n<p data-start=\"9204\" data-end=\"9383\">\u0110\u1ec3 bi\u1ebft th\u00eam th\u00f4ng tin v\u1ec1 c\u00e1c ch\u00ednh s\u00e1ch l\u01b0u tr\u1eef Cookie c\u1ee7a ch\u00fang t\u00f4i, ho\u1eb7c n\u1ebfu b\u1ea1n mu\u1ed1n khi\u1ebfu n\u1ea1i, vui l\u00f2ng li\u00ean h\u1ec7 v\u1edbi ch\u00fang t\u00f4i qua email t\u1ea1i <a href=\"mailto:info@greenfeed.com.vn\" rel=\"noopener\" data-start=\"9361\" data-end=\"9382\">info@greenfeed.com.vn<\/a><\/p>\n<p data-start=\"9385\" data-end=\"9424\"><strong data-start=\"9385\" data-end=\"9424\">C\u1eadp nh\u1eadt l\u1ea7n cu\u1ed1i: <\/strong>Th\u00e1ng 1, 2026<\/p>\n","protected":false},"excerpt":{"rendered":"<p>Cookie Cookie l\u00e0 m\u1ed9t l\u01b0\u1ee3ng th\u00f4ng tin nh\u1ecf \u0111\u01b0\u1ee3c t\u1ea3i xu\u1ed1ng m\u00e1y t\u00ednh ho\u1eb7c thi\u1ebft b\u1ecb c\u1ee7a b\u1ea1n khi b\u1ea1n truy c\u1eadp Trang web c\u1ee7a ch\u00fang t\u00f4i. Ch\u00fang t\u00f4i s\u1eed d\u1ee5ng nhi\u1ec1u lo\u1ea1i cookie kh\u00e1c nhau, bao g\u1ed3m cookie ch\u1ee9c n\u0103ng, hi\u1ec7u su\u1ea5t, qu\u1ea3ng c\u00e1o v\u00e0 cookie c\u1ee7a m\u1ea1ng x\u00e3 h\u1ed9i ho\u1eb7c n\u1ed9i dung. Cookies [&hellip;]<\/p>\n","protected":false},"author":1,"featured_media":0,"parent":0,"menu_order":0,"comment_status":"closed","ping_status":"closed","template":"","meta":{"footnotes":""},"class_list":["post-5797","page","type-page","status-publish","hentry"],"lang":"vi","translations":{"vi":5797,"en":5799},"pll_sync_post":[],"acf":[],"_links":{"self":[{"href":"https:\/\/www.greenfeed.com.vn\/thuc-an-chan-nuoi-gia-suc-gia-cam\/wp-json\/wp\/v2\/pages\/5797","targetHints":{"allow":["GET"]}}],"collection":[{"href":"https:\/\/www.greenfeed.com.vn\/thuc-an-chan-nuoi-gia-suc-gia-cam\/wp-json\/wp\/v2\/pages"}],"about":[{"href":"https:\/\/www.greenfeed.com.vn\/thuc-an-chan-nuoi-gia-suc-gia-cam\/wp-json\/wp\/v2\/types\/page"}],"author":[{"embeddable":true,"href":"https:\/\/www.greenfeed.com.vn\/thuc-an-chan-nuoi-gia-suc-gia-cam\/wp-json\/wp\/v2\/users\/1"}],"replies":[{"embeddable":true,"href":"https:\/\/www.greenfeed.com.vn\/thuc-an-chan-nuoi-gia-suc-gia-cam\/wp-json\/wp\/v2\/comments?post=5797"}],"version-history":[{"count":1,"href":"https:\/\/www.greenfeed.com.vn\/thuc-an-chan-nuoi-gia-suc-gia-cam\/wp-json\/wp\/v2\/pages\/5797\/revisions"}],"predecessor-version":[{"id":5798,"href":"https:\/\/www.greenfeed.com.vn\/thuc-an-chan-nuoi-gia-suc-gia-cam\/wp-json\/wp\/v2\/pages\/5797\/revisions\/5798"}],"wp:attachment":[{"href":"https:\/\/www.greenfeed.com.vn\/thuc-an-chan-nuoi-gia-suc-gia-cam\/wp-json\/wp\/v2\/media?parent=5797"}],"curies":[{"name":"wp","href":"https:\/\/api.w.org\/{rel}","templated":true}]}}