{"id":3501,"date":"2025-12-08T09:20:27","date_gmt":"2025-12-08T02:20:27","guid":{"rendered":"http:\/\/localhost:8080\/feed\/?page_id=3501"},"modified":"2026-02-09T11:50:56","modified_gmt":"2026-02-09T04:50:56","slug":"bo-giai-phap-chan-nuoi","status":"publish","type":"page","link":"https:\/\/www.greenfeed.com.vn\/thuc-an-chan-nuoi-gia-suc-gia-cam\/bo-giai-phap-chan-nuoi\/","title":{"rendered":"B\u1ed9 gi\u1ea3i ph\u00e1p ch\u0103n nu\u00f4i"},"content":{"rendered":"","protected":false},"excerpt":{"rendered":"","protected":false},"author":1,"featured_media":0,"parent":0,"menu_order":0,"comment_status":"closed","ping_status":"closed","template":"page-templates\/bo-giai-phap.php","meta":{"footnotes":""},"class_list":["post-3501","page","type-page","status-publish","hentry"],"lang":"vi","translations":{"vi":3501,"en":4448},"pll_sync_post":[],"acf":[],"_links":{"self":[{"href":"https:\/\/www.greenfeed.com.vn\/thuc-an-chan-nuoi-gia-suc-gia-cam\/wp-json\/wp\/v2\/pages\/3501","targetHints":{"allow":["GET"]}}],"collection":[{"href":"https:\/\/www.greenfeed.com.vn\/thuc-an-chan-nuoi-gia-suc-gia-cam\/wp-json\/wp\/v2\/pages"}],"about":[{"href":"https:\/\/www.greenfeed.com.vn\/thuc-an-chan-nuoi-gia-suc-gia-cam\/wp-json\/wp\/v2\/types\/page"}],"author":[{"embeddable":true,"href":"https:\/\/www.greenfeed.com.vn\/thuc-an-chan-nuoi-gia-suc-gia-cam\/wp-json\/wp\/v2\/users\/1"}],"replies":[{"embeddable":true,"href":"https:\/\/www.greenfeed.com.vn\/thuc-an-chan-nuoi-gia-suc-gia-cam\/wp-json\/wp\/v2\/comments?post=3501"}],"version-history":[{"count":5,"href":"https:\/\/www.greenfeed.com.vn\/thuc-an-chan-nuoi-gia-suc-gia-cam\/wp-json\/wp\/v2\/pages\/3501\/revisions"}],"predecessor-version":[{"id":5735,"href":"https:\/\/www.greenfeed.com.vn\/thuc-an-chan-nuoi-gia-suc-gia-cam\/wp-json\/wp\/v2\/pages\/3501\/revisions\/5735"}],"wp:attachment":[{"href":"https:\/\/www.greenfeed.com.vn\/thuc-an-chan-nuoi-gia-suc-gia-cam\/wp-json\/wp\/v2\/media?parent=3501"}],"curies":[{"name":"wp","href":"https:\/\/api.w.org\/{rel}","templated":true}]}}