{"id":3497,"date":"2025-12-08T09:18:16","date_gmt":"2025-12-08T02:18:16","guid":{"rendered":"http:\/\/localhost:8080\/feed\/?page_id=3497"},"modified":"2026-02-09T11:36:28","modified_gmt":"2026-02-09T04:36:28","slug":"nganh-thuc-an-chan-nuoi-greenfeed","status":"publish","type":"page","link":"https:\/\/www.greenfeed.com.vn\/thuc-an-chan-nuoi-gia-suc-gia-cam\/nganh-thuc-an-chan-nuoi-greenfeed\/","title":{"rendered":"Ng\u00e0nh th\u1ee9c \u0103n ch\u0103n nu\u00f4i GREENFEED"},"content":{"rendered":"","protected":false},"excerpt":{"rendered":"","protected":false},"author":1,"featured_media":0,"parent":0,"menu_order":0,"comment_status":"closed","ping_status":"closed","template":"page-templates\/nganh-tacn.php","meta":{"footnotes":""},"class_list":["post-3497","page","type-page","status-publish","hentry"],"lang":"vi","translations":{"vi":3497,"en":4450},"pll_sync_post":[],"acf":[],"_links":{"self":[{"href":"https:\/\/www.greenfeed.com.vn\/thuc-an-chan-nuoi-gia-suc-gia-cam\/wp-json\/wp\/v2\/pages\/3497","targetHints":{"allow":["GET"]}}],"collection":[{"href":"https:\/\/www.greenfeed.com.vn\/thuc-an-chan-nuoi-gia-suc-gia-cam\/wp-json\/wp\/v2\/pages"}],"about":[{"href":"https:\/\/www.greenfeed.com.vn\/thuc-an-chan-nuoi-gia-suc-gia-cam\/wp-json\/wp\/v2\/types\/page"}],"author":[{"embeddable":true,"href":"https:\/\/www.greenfeed.com.vn\/thuc-an-chan-nuoi-gia-suc-gia-cam\/wp-json\/wp\/v2\/users\/1"}],"replies":[{"embeddable":true,"href":"https:\/\/www.greenfeed.com.vn\/thuc-an-chan-nuoi-gia-suc-gia-cam\/wp-json\/wp\/v2\/comments?post=3497"}],"version-history":[{"count":5,"href":"https:\/\/www.greenfeed.com.vn\/thuc-an-chan-nuoi-gia-suc-gia-cam\/wp-json\/wp\/v2\/pages\/3497\/revisions"}],"predecessor-version":[{"id":4401,"href":"https:\/\/www.greenfeed.com.vn\/thuc-an-chan-nuoi-gia-suc-gia-cam\/wp-json\/wp\/v2\/pages\/3497\/revisions\/4401"}],"wp:attachment":[{"href":"https:\/\/www.greenfeed.com.vn\/thuc-an-chan-nuoi-gia-suc-gia-cam\/wp-json\/wp\/v2\/media?parent=3497"}],"curies":[{"name":"wp","href":"https:\/\/api.w.org\/{rel}","templated":true}]}}